{"id":74,"date":"2022-11-18T18:48:54","date_gmt":"2022-11-18T18:48:54","guid":{"rendered":"https:\/\/sigchicostarica.acm.org\/wordpress\/?page_id=74"},"modified":"2022-12-07T20:19:22","modified_gmt":"2022-12-07T20:19:22","slug":"actividades","status":"publish","type":"page","link":"https:\/\/sigchicostarica.acm.org\/wordpress\/index.php\/actividades\/","title":{"rendered":"Actividades"},"content":{"rendered":"\n<figure class=\"wp-block-pullquote\"><blockquote><p><em>Hacia un Turismo Local Sostenible con CHI<\/em><\/p><cite>Primera escuela de verano acm sigchi costa rica 2023<\/cite><\/blockquote><\/figure>\n\n\n\n<figure class=\"wp-block-image aligncenter size-full has-custom-border is-style-default\"><img loading=\"lazy\" decoding=\"async\" width=\"494\" height=\"305\" src=\"https:\/\/sigchicostarica.acm.org\/wordpress\/wp-content\/uploads\/2022\/11\/Logo_FondoBlanco-2.png\" alt=\"\" class=\"wp-image-99\" style=\"border-style:none;border-width:0px\" srcset=\"https:\/\/sigchicostarica.acm.org\/wordpress\/wp-content\/uploads\/2022\/11\/Logo_FondoBlanco-2.png 494w, https:\/\/sigchicostarica.acm.org\/wordpress\/wp-content\/uploads\/2022\/11\/Logo_FondoBlanco-2-300x185.png 300w\" sizes=\"auto, (max-width: 494px) 100vw, 494px\" \/><\/figure>\n\n\n\n<p>La primera escuela de verano en Interacci\u00f3n Humano-Computador (CHI) en Costa Rica pretende incorporar a estudiantes de diferentes carreras y centros de ense\u00f1anza; en el desarrollo en el pa\u00eds de un \u00e1rea de alta multidisciplinariedad e impacto como lo es CHI. Habr\u00e1n charlas con diferentes profesionales nacionales e internacionales sobre temas relevantes para CHI como Interfaces y Experiencia de Usuario, Realidad Virtual y Aumentada, Ubiquitous Computing y sensores no intrusivos, y aprendizaje autom\u00e1tico aplicado a CHI.<\/p>\n\n\n\n<p>Siguiendo el tema de sostenibilidad que caracteriza al pa\u00eds y a los&nbsp;objetivos propios de SIGCHI, la escuela de verano tendr\u00e1 el tema <em><strong>Hacia un Turismo Local Sostenible con CHI (Towards&nbsp;Sustainable Local Tourism with CHI<\/strong><\/em>). La actividad tendr\u00e1 una visi\u00f3n <em><strong>hands-on<\/strong><\/em>,&nbsp;donde grupos de estudiantes de m\u00faltiples disciplinas acompa\u00f1ados por&nbsp;mentores trabajar\u00e1n en un prototipo o aplicaci\u00f3n para ayudar al turismo&nbsp;local sostenible, utilizando una o m\u00e1s \u00e1reas afines a interacci\u00f3n&nbsp;humano-computador o humano-m\u00e1quina. <\/p>\n\n\n\n<p>Los grupos con las mejores propuestas&nbsp;recibir\u00e1n premios al finalizar la actividad.&nbsp;<\/p>\n\n\n\n<p>La actividad tendr\u00e1 lugar los d\u00edas <strong>1, 2 y 3 de febrero del 2023<\/strong> en el <strong>Recinto de Tacares<\/strong> de  la Sede&nbsp;de Occidente de la UCR en Grecia. <\/p>\n\n\n\n<p>Asistencia a la misma<strong> no tendr\u00e1 costo<\/strong>&nbsp;alguno para estudiantes pertenecientes a SIGCHI, y todos los materiales y alimentaci\u00f3n ser\u00e1 proporcionada. Adem\u00e1s, se proveer\u00e1 hospedaje (sin costo) para estudiantes de regiones&nbsp;alejadas al recinto y un n\u00famero reducido podr\u00e1 participar de forma virtual. <strong>No es necesario ser miembro de SIGCHI previo al env\u00edo del formulario de inscripci\u00f3n.<\/strong><\/p>\n\n\n\n<p>La inscripci\u00f3n a SIGCHI puede hacerse en cualquier momento por los participantes, pero la organizaci\u00f3n contemplar\u00e1&nbsp; apoyo financiero para cubrir esta inscripci\u00f3n de la personas estudiantes que lo requieran. La membres\u00eda anual es de solo $10 para estudiantes (<a href=\"https:\/\/sigchi.org\/community\/membership\/\">https:\/\/sigchi.org\/community\/membership\/<\/a>), e&nbsp;incluye muchos otros beneficios adem\u00e1s de esta escuela de verano. <\/p>\n\n\n\n<p>Para fomentar la <strong>inmersi\u00f3n<\/strong> total de las personas estudiantes, la mayor parte de la escuela de verano est\u00e1 planificada como una <strong>actividad pr\u00e1ctica<\/strong> en la que grupos de participantes de diferentes or\u00edgenes, programas y universidades se re\u00fanen para desarrollar una soluci\u00f3n funcional relacionada con el tema de la escuela de verano (turismo local sostenible y CHI).<\/p>\n\n\n\n<p>A cada grupo de participantes se le asignar\u00e1 un <strong>mentor<\/strong> principal, que guiar\u00e1 al grupo en el desarrollo del proyecto. Asimismo, todos los mentores ir\u00e1n rotando entre los diferentes grupos -presenciales y virtuales-, para compartir sus conocimientos y dar apoyo en el proyecto y fomentar el intercambio de diferentes conocimientos y la multidisciplinariedad.<\/p>\n\n\n\n<p><strong><em>\u00a1Los mejores proyectos recibir\u00e1n premios al terminar la actividad!<\/em><\/strong> Todas las personas participantes recibir\u00e1n certificado de participaci\u00f3n.<\/p>\n\n\n\n<p>Este evento es<strong> patrocinado<\/strong> por el Fondo de Desarrollo para la Sostenibilidad (<em>Development Fund for Sustainabiltiy<\/em>) de ACM SIGCHI.<\/p>\n\n\n\n<p>Para inscripci\u00f3n de participantes, se debe llenar el siguiente <a href=\"https:\/\/forms.gle\/WfVDVwvTsaorpwMNA\">formulario<\/a>.&nbsp;Las personas interesadas en ser parte del equipo de mentores, pueden comunicarse directamente con la organizaci\u00f3n del evento.<\/p>\n\n\n\n<p><\/p>\n\n\n\n<div class=\"wp-block-group alignwide is-layout-flow wp-block-group-is-layout-flow\" style=\"padding-bottom:18px\">\n<h2 class=\"has-text-align-center wp-block-heading\">Oradores internacionales<\/h2>\n\n\n\n<hr class=\"wp-block-separator has-alpha-channel-opacity\"\/>\n<\/div>\n\n\n\n<div class=\"wp-block-columns alignwide is-layout-flex wp-container-core-columns-is-layout-359d190f wp-block-columns-is-layout-flex\" style=\"padding-bottom:18px\">\n<div class=\"wp-block-column is-layout-flow wp-block-column-is-layout-flow\">\n<div class=\"wp-block-group is-style-default is-layout-constrained wp-block-group-is-layout-constrained\">\n<div class=\"wp-block-group is-style-no-overflow is-layout-constrained wp-block-group-is-layout-constrained\" style=\"border-style:none;border-width:0em;border-radius:100px\">\n<figure class=\"wp-block-image aligncenter size-full has-custom-border is-style-hover-zoom\"><img loading=\"lazy\" decoding=\"async\" width=\"200\" height=\"200\" src=\"https:\/\/sigchicostarica.acm.org\/wordpress\/wp-content\/uploads\/2022\/11\/Carolina.webp\" alt=\"\" class=\"wp-image-80\" style=\"border-radius:200px\" srcset=\"https:\/\/sigchicostarica.acm.org\/wordpress\/wp-content\/uploads\/2022\/11\/Carolina.webp 200w, https:\/\/sigchicostarica.acm.org\/wordpress\/wp-content\/uploads\/2022\/11\/Carolina-150x150.webp 150w\" sizes=\"auto, (max-width: 200px) 100vw, 200px\" \/><\/figure>\n<\/div>\n<\/div>\n\n\n\n<h5 class=\"has-text-align-center has-normal-font-size wp-block-heading\">Dra. Carolina Fuentes<\/h5>\n\n\n\n<p class=\"has-text-align-center has-light-bg-color has-text-color\">Interacci\u00f3n Humano Computador, <br>Interacci\u00f3n Humano Robot, Internet of Things<\/p>\n\n\n\n<p class=\"has-text-align-center\">Profesora asociada en Universidad de Cardiff, Reino Unido<\/p>\n<\/div>\n\n\n\n<div class=\"wp-block-column is-layout-flow wp-block-column-is-layout-flow\">\n<div class=\"wp-block-group is-layout-constrained wp-container-core-group-is-layout-3d896455 wp-block-group-is-layout-constrained\">\n<div class=\"wp-block-group has-border-color has-dark-bg-border-color is-layout-flow wp-block-group-is-layout-flow\" style=\"border-style:solid;border-width:0.5em;border-radius:200px\">\n<figure class=\"wp-block-image aligncenter size-full has-custom-border is-style-hover-zoom\"><img loading=\"lazy\" decoding=\"async\" width=\"320\" height=\"320\" src=\"https:\/\/sigchicostarica.acm.org\/wordpress\/wp-content\/uploads\/2022\/11\/Lucero21_400.png.webp\" alt=\"\" class=\"wp-image-79\" style=\"border-radius:200px\" srcset=\"https:\/\/sigchicostarica.acm.org\/wordpress\/wp-content\/uploads\/2022\/11\/Lucero21_400.png.webp 320w, https:\/\/sigchicostarica.acm.org\/wordpress\/wp-content\/uploads\/2022\/11\/Lucero21_400.png-300x300.webp 300w, https:\/\/sigchicostarica.acm.org\/wordpress\/wp-content\/uploads\/2022\/11\/Lucero21_400.png-150x150.webp 150w\" sizes=\"auto, (max-width: 320px) 100vw, 320px\" \/><\/figure>\n<\/div>\n<\/div>\n\n\n\n<h5 class=\"has-text-align-center has-normal-font-size wp-block-heading\">Dr. Andr\u00e9s Lucero<\/h5>\n\n\n\n<p class=\"has-text-align-center has-light-bg-color has-text-color\">Interfaces interactivas, dise\u00f1o, <br>Interacci\u00f3n con dispositivos m\u00f3viles<\/p>\n\n\n\n<p class=\"has-text-align-center\">Profesor asociado en Universidad de Aalto, Finlandia<\/p>\n<\/div>\n<\/div>\n\n\n\n<div class=\"wp-block-buttons is-content-justification-center is-layout-flex wp-container-core-buttons-is-layout-a89b3969 wp-block-buttons-is-layout-flex\"><\/div>\n\n\n\n<h2 class=\"has-text-align-center wp-block-heading\">Cronograma provisional<\/h2>\n\n\n\n<hr class=\"wp-block-separator has-alpha-channel-opacity\"\/>\n\n\n\n<figure class=\"wp-block-image aligncenter size-large is-resized\"><img loading=\"lazy\" decoding=\"async\" src=\"https:\/\/sigchicostarica.acm.org\/wordpress\/wp-content\/uploads\/2022\/11\/programa-1024x666.jpg\" alt=\"\" class=\"wp-image-81\" width=\"1042\" height=\"676\"\/><\/figure>\n\n\n\n<h2 class=\"has-text-align-center wp-block-heading\">Cont\u00e1ctenos<\/h2>\n\n\n\n<hr class=\"wp-block-separator has-alpha-channel-opacity\"\/>\n\n\n\n<p class=\"has-text-align-center\">Para m\u00e1s informaci\u00f3n, puede escribirnos al correo electr\u00f3nico <a href=\"mailto:acm.sigchi.costa.rica.local.chapter@gmail.com\">acm.sigchi.costa.rica.local.chapter@gmail.com<\/a><\/p>\n","protected":false},"excerpt":{"rendered":"<p>Hacia un Turismo Local Sostenible con CHI Primera escuela de verano acm sigchi costa rica 2023 La primera escuela de verano en Interacci\u00f3n Humano-Computador (CHI) en Costa Rica pretende incorporar a estudiantes de diferentes carreras y centros de ense\u00f1anza; en el desarrollo en el pa\u00eds de un \u00e1rea de alta multidisciplinariedad e impacto como lo [&hellip;]<\/p>\n","protected":false},"author":1,"featured_media":0,"parent":0,"menu_order":0,"comment_status":"closed","ping_status":"closed","template":"","meta":{"footnotes":""},"class_list":["post-74","page","type-page","status-publish","hentry"],"_links":{"self":[{"href":"https:\/\/sigchicostarica.acm.org\/wordpress\/index.php\/wp-json\/wp\/v2\/pages\/74","targetHints":{"allow":["GET"]}}],"collection":[{"href":"https:\/\/sigchicostarica.acm.org\/wordpress\/index.php\/wp-json\/wp\/v2\/pages"}],"about":[{"href":"https:\/\/sigchicostarica.acm.org\/wordpress\/index.php\/wp-json\/wp\/v2\/types\/page"}],"author":[{"embeddable":true,"href":"https:\/\/sigchicostarica.acm.org\/wordpress\/index.php\/wp-json\/wp\/v2\/users\/1"}],"replies":[{"embeddable":true,"href":"https:\/\/sigchicostarica.acm.org\/wordpress\/index.php\/wp-json\/wp\/v2\/comments?post=74"}],"version-history":[{"count":18,"href":"https:\/\/sigchicostarica.acm.org\/wordpress\/index.php\/wp-json\/wp\/v2\/pages\/74\/revisions"}],"predecessor-version":[{"id":116,"href":"https:\/\/sigchicostarica.acm.org\/wordpress\/index.php\/wp-json\/wp\/v2\/pages\/74\/revisions\/116"}],"wp:attachment":[{"href":"https:\/\/sigchicostarica.acm.org\/wordpress\/index.php\/wp-json\/wp\/v2\/media?parent=74"}],"curies":[{"name":"wp","href":"https:\/\/api.w.org\/{rel}","templated":true}]}}